{"id":3394,"date":"2025-05-14T19:37:39","date_gmt":"2025-05-14T17:37:39","guid":{"rendered":"https:\/\/grpubblicita.com\/site\/?post_type=product&#038;p=3394"},"modified":"2025-06-04T18:33:14","modified_gmt":"2025-06-04T16:33:14","slug":"rollup","status":"publish","type":"product","link":"https:\/\/grpubblicita.com\/site\/prodotto\/rollup\/","title":{"rendered":"RollUp"},"content":{"rendered":"<p>Base: 85 cm<\/p>\n<p>Altezza: 200 cm<\/p>\n<p>comprende pratica borsa per il trasportarlo.<\/p>\n","protected":false},"excerpt":{"rendered":"<p>RollUp \u00e8 un tipo di supporto pubblicitario portatile e compatto, spesso utilizzato per eventi, fiere, conferenze e attivit\u00e0 di marketing. Si tratta di una struttura verticale che, quando aperta, presenta una grafica stampata su materiale sintetico. La grafica si arrotola attorno a un rullo interno e viene estratta o avvolta con un meccanismo semplice. Una volta aperto, il RollUp \u00e8 sostenuto da un supporto a due piedi laterali, rendendolo stabile e facile da posizionare ovunque. \u00c8 leggero, facile da trasportare e montare, e offre una grande visibilit\u00e0 a costi relativamente contenuti.<\/p>\n","protected":false},"featured_media":3395,"template":"","meta":{"inline_featured_image":false,"_links_to":"","_links_to_target":""},"product_brand":[],"product_cat":[143],"product_tag":[144],"class_list":{"0":"post-3394","1":"product","2":"type-product","3":"status-publish","4":"has-post-thumbnail","6":"product_cat-espositori","7":"product_tag-rollup","8":"product_shipping_class-137","10":"first","11":"instock","12":"taxable","13":"shipping-taxable","14":"purchasable","15":"product-type-simple"},"aioseo_notices":[],"_links":{"self":[{"href":"https:\/\/grpubblicita.com\/site\/wp-json\/wp\/v2\/product\/3394","targetHints":{"allow":["GET"]}}],"collection":[{"href":"https:\/\/grpubblicita.com\/site\/wp-json\/wp\/v2\/product"}],"about":[{"href":"https:\/\/grpubblicita.com\/site\/wp-json\/wp\/v2\/types\/product"}],"wp:featuredmedia":[{"embeddable":true,"href":"https:\/\/grpubblicita.com\/site\/wp-json\/wp\/v2\/media\/3395"}],"wp:attachment":[{"href":"https:\/\/grpubblicita.com\/site\/wp-json\/wp\/v2\/media?parent=3394"}],"wp:term":[{"taxonomy":"product_brand","embeddable":true,"href":"https:\/\/grpubblicita.com\/site\/wp-json\/wp\/v2\/product_brand?post=3394"},{"taxonomy":"product_cat","embeddable":true,"href":"https:\/\/grpubblicita.com\/site\/wp-json\/wp\/v2\/product_cat?post=3394"},{"taxonomy":"product_tag","embeddable":true,"href":"https:\/\/grpubblicita.com\/site\/wp-json\/wp\/v2\/product_tag?post=3394"}],"curies":[{"name":"wp","href":"https:\/\/api.w.org\/{rel}","templated":true}]}}